{"id":2,"date":"2016-11-25T21:59:47","date_gmt":"2016-11-25T20:59:47","guid":{"rendered":"http:\/\/jesta.ovh\/?page_id=2"},"modified":"2016-11-30T07:55:47","modified_gmt":"2016-11-29T22:55:47","slug":"page-d-exemple","status":"publish","type":"page","link":"https:\/\/jesta.pl\/","title":{"rendered":"Mediacje1"},"content":{"rendered":"<p><img loading=\"lazy\" decoding=\"async\" class=\" wp-image-46 aligncenter\" src=\"http:\/\/jesta.ovh\/wp-content\/uploads\/2016\/11\/o-DIVORCE-MEDIATION-facebook-300x199.jpg\" alt=\"Couple divorcing\" width=\"300\" height=\"200\" srcset=\"https:\/\/jesta.pl\/wp-content\/uploads\/2016\/11\/o-DIVORCE-MEDIATION-facebook-300x199.jpg 300w, https:\/\/jesta.pl\/wp-content\/uploads\/2016\/11\/o-DIVORCE-MEDIATION-facebook-768x510.jpg 768w, https:\/\/jesta.pl\/wp-content\/uploads\/2016\/11\/o-DIVORCE-MEDIATION-facebook-1024x679.jpg 1024w, https:\/\/jesta.pl\/wp-content\/uploads\/2016\/11\/o-DIVORCE-MEDIATION-facebook.jpg 1536w\" sizes=\"auto, (max-width: 300px) 100vw, 300px\" \/><\/p>\n<p style=\"text-align: center;\"><span class=\"style12\">Mediacja rodzinna jest alternatywn\u0105 form\u0105 interwencji w konflikt rodzinny (cz\u0119sto zwi\u0105zany z rozwodem lub separacj\u0105) z udzia\u0142em osoby trzeciej- mediatora.<\/span><\/p>\n","protected":false},"excerpt":{"rendered":"<p>Mediacja rodzinna jest alternatywn\u0105 form\u0105 interwencji w konflikt rodzinny (cz\u0119sto zwi\u0105zany z rozwodem lub separacj\u0105) z udzia\u0142em osoby trzeciej- mediatora.<\/p>\n","protected":false},"author":2,"featured_media":0,"parent":0,"menu_order":0,"comment_status":"closed","ping_status":"open","template":"template-frontpage.php","meta":{"footnotes":""},"class_list":["post-2","page","type-page","status-publish","hentry"],"aioseo_notices":[],"_links":{"self":[{"href":"https:\/\/jesta.pl\/index.php?rest_route=\/wp\/v2\/pages\/2","targetHints":{"allow":["GET"]}}],"collection":[{"href":"https:\/\/jesta.pl\/index.php?rest_route=\/wp\/v2\/pages"}],"about":[{"href":"https:\/\/jesta.pl\/index.php?rest_route=\/wp\/v2\/types\/page"}],"author":[{"embeddable":true,"href":"https:\/\/jesta.pl\/index.php?rest_route=\/wp\/v2\/users\/2"}],"replies":[{"embeddable":true,"href":"https:\/\/jesta.pl\/index.php?rest_route=%2Fwp%2Fv2%2Fcomments&post=2"}],"version-history":[{"count":13,"href":"https:\/\/jesta.pl\/index.php?rest_route=\/wp\/v2\/pages\/2\/revisions"}],"predecessor-version":[{"id":44,"href":"https:\/\/jesta.pl\/index.php?rest_route=\/wp\/v2\/pages\/2\/revisions\/44"}],"wp:attachment":[{"href":"https:\/\/jesta.pl\/index.php?rest_route=%2Fwp%2Fv2%2Fmedia&parent=2"}],"curies":[{"name":"wp","href":"https:\/\/api.w.org\/{rel}","templated":true}]}}